{"id":2,"date":"2022-04-12T11:29:02","date_gmt":"2022-04-12T11:29:02","guid":{"rendered":"https:\/\/temidamediation.nl\/?page_id=2"},"modified":"2025-08-18T11:29:18","modified_gmt":"2025-08-18T09:29:18","slug":"home","status":"publish","type":"page","link":"https:\/\/temidamediation.nl\/pl\/","title":{"rendered":"Mediacja Temida"},"content":{"rendered":"<div data-elementor-type=\"wp-page\" data-elementor-id=\"2\" class=\"elementor elementor-2\" data-elementor-post-type=\"page\">\n\t\t\t\t\t\t<section class=\"elementor-section elementor-top-section elementor-element elementor-element-00376e6 elementor-section-boxed elementor-section-height-default elementor-section-height-default\" data-id=\"00376e6\" data-element_type=\"section\" data-e-type=\"section\">\n\t\t\t\t\t\t<div class=\"elementor-container elementor-column-gap-default\">\n\t\t\t\t\t<div class=\"elementor-column elementor-col-100 elementor-top-column elementor-element elementor-element-eaf72f8\" data-id=\"eaf72f8\" data-element_type=\"column\" data-e-type=\"column\">\n\t\t\t<div class=\"elementor-widget-wrap elementor-element-populated\">\n\t\t\t\t\t\t<section class=\"elementor-section elementor-inner-section elementor-element elementor-element-2f40c06 elementor-section-content-middle elementor-section-boxed elementor-section-height-default elementor-section-height-default\" data-id=\"2f40c06\" data-element_type=\"section\" data-e-type=\"section\">\n\t\t\t\t\t\t<div class=\"elementor-container elementor-column-gap-default\">\n\t\t\t\t\t<div class=\"elementor-column elementor-col-50 elementor-inner-column elementor-element elementor-element-8908572\" data-id=\"8908572\" data-element_type=\"column\" data-e-type=\"column\">\n\t\t\t<div class=\"elementor-widget-wrap elementor-element-populated\">\n\t\t\t\t\t\t<div class=\"elementor-element elementor-element-020597d elementor-widget elementor-widget-heading\" data-id=\"020597d\" data-element_type=\"widget\" data-e-type=\"widget\" data-widget_type=\"heading.default\">\n\t\t\t\t<div class=\"elementor-widget-container\">\n\t\t\t\t\t<h2 class=\"elementor-heading-title elementor-size-default\">Mediacja Temida - Spory rozwodowe, rodzinne i pracownicze<\/h2>\t\t\t\t<\/div>\n\t\t\t\t<\/div>\n\t\t\t\t<div class=\"elementor-element elementor-element-7a74d72 elementor-widget elementor-widget-text-editor\" data-id=\"7a74d72\" data-element_type=\"widget\" data-e-type=\"widget\" data-widget_type=\"text-editor.default\">\n\t\t\t\t<div class=\"elementor-widget-container\">\n\t\t\t\t\t\t\t\t\t<p>Kiedy wpl\u0105tujesz si\u0119 w sp\u00f3r pracowniczy, k\u0142\u00f3tni\u0119 rodzinn\u0105, kt\u00f3ra wymkn\u0119\u0142a si\u0119 spod kontroli lub rozw\u00f3d, dobrze jest, gdy neutralna strona mo\u017ce znale\u017a\u0107 rozwi\u0105zanie tego problemu. Oczywi\u015bcie mo\u017cesz uzyska\u0107 pomoc prawn\u0105, ale jest to bardzo kosztowne i obie strony stan\u0105 naprzeciwko siebie.<\/p><p>W mediacji wsp\u00f3\u0142pracujemy z obiema stronami i wsp\u00f3lnie dochodzimy do rozwi\u0105zania, kt\u00f3re jest do przyj\u0119cia dla obu stron. Robimy to, tworz\u0105c spokojn\u0105 i zorientowan\u0105 na rozwi\u0105zania postaw\u0119 u wszystkich stron w uczciwy i uporz\u0105dkowany spos\u00f3b. Mediator nie tylko wspiera Ci\u0119 od strony prawnej konfliktu, ale tak\u017ce wsparcie emocjonalne jest jednym z naszych zada\u0144. <br \/>Ponadto mediacja z nami jest mo\u017cliwa r\u00f3wnie\u017c w j\u0119zyku polskim.<\/p><p>Aby rozwi\u0105za\u0107 sp\u00f3r rozwodowy, rodzinny lub pracowniczy we w\u0142a\u015bciwym kierunku dla obu stron, zaanga\u017cuj Mediacj\u0119 Temidy. Pracujemy r\u00f3wnie\u017c wieczorami i w soboty.<\/p>\t\t\t\t\t\t\t\t<\/div>\n\t\t\t\t<\/div>\n\t\t\t\t\t<\/div>\n\t\t<\/div>\n\t\t\t\t<div class=\"elementor-column elementor-col-50 elementor-inner-column elementor-element elementor-element-dad2d4f\" data-id=\"dad2d4f\" data-element_type=\"column\" data-e-type=\"column\">\n\t\t\t<div class=\"elementor-widget-wrap elementor-element-populated\">\n\t\t\t\t\t\t<div class=\"elementor-element elementor-element-e9b7830 elementor-widget elementor-widget-image\" data-id=\"e9b7830\" data-element_type=\"widget\" data-e-type=\"widget\" data-widget_type=\"image.default\">\n\t\t\t\t<div class=\"elementor-widget-container\">\n\t\t\t\t\t\t\t\t\t\t\t\t\t\t\t<img fetchpriority=\"high\" decoding=\"async\" width=\"683\" height=\"1024\" src=\"https:\/\/temidamediation.nl\/wp-content\/uploads\/2025\/08\/Foto-1-voorpagina-683x1024.jpg\" class=\"attachment-large size-large wp-image-1059\" alt=\"\" srcset=\"https:\/\/temidamediation.nl\/wp-content\/uploads\/2025\/08\/Foto-1-voorpagina-683x1024.jpg 683w, https:\/\/temidamediation.nl\/wp-content\/uploads\/2025\/08\/Foto-1-voorpagina-200x300.jpg 200w, https:\/\/temidamediation.nl\/wp-content\/uploads\/2025\/08\/Foto-1-voorpagina-768x1152.jpg 768w, https:\/\/temidamediation.nl\/wp-content\/uploads\/2025\/08\/Foto-1-voorpagina-1024x1536.jpg 1024w, https:\/\/temidamediation.nl\/wp-content\/uploads\/2025\/08\/Foto-1-voorpagina-1366x2048.jpg 1366w, https:\/\/temidamediation.nl\/wp-content\/uploads\/2025\/08\/Foto-1-voorpagina-8x12.jpg 8w, https:\/\/temidamediation.nl\/wp-content\/uploads\/2025\/08\/Foto-1-voorpagina-scaled.jpg 1707w\" sizes=\"(max-width: 683px) 100vw, 683px\" \/>\t\t\t\t\t\t\t\t\t\t\t\t\t\t\t<\/div>\n\t\t\t\t<\/div>\n\t\t\t\t\t<\/div>\n\t\t<\/div>\n\t\t\t\t\t<\/div>\n\t\t<\/section>\n\t\t\t\t\t<\/div>\n\t\t<\/div>\n\t\t\t\t\t<\/div>\n\t\t<\/section>\n\t\t\t\t<section class=\"elementor-section elementor-top-section elementor-element elementor-element-722c175 elementor-section-boxed elementor-section-height-default elementor-section-height-default\" data-id=\"722c175\" data-element_type=\"section\" data-e-type=\"section\" data-settings=\"{&quot;background_background&quot;:&quot;gradient&quot;,&quot;shape_divider_top&quot;:&quot;triangle&quot;,&quot;shape_divider_bottom&quot;:&quot;triangle&quot;}\">\n\t\t\t\t\t<div class=\"elementor-shape elementor-shape-top\" aria-hidden=\"true\" data-negative=\"false\">\n\t\t\t<svg xmlns=\"http:\/\/www.w3.org\/2000\/svg\" viewbox=\"0 0 1000 100\" preserveaspectratio=\"none\">\n\t<path class=\"elementor-shape-fill\" d=\"M500,98.9L0,6.1V0h1000v6.1L500,98.9z\"\/>\n<\/svg>\t\t<\/div>\n\t\t\t\t<div class=\"elementor-shape elementor-shape-bottom\" aria-hidden=\"true\" data-negative=\"false\">\n\t\t\t<svg xmlns=\"http:\/\/www.w3.org\/2000\/svg\" viewbox=\"0 0 1000 100\" preserveaspectratio=\"none\">\n\t<path class=\"elementor-shape-fill\" d=\"M500,98.9L0,6.1V0h1000v6.1L500,98.9z\"\/>\n<\/svg>\t\t<\/div>\n\t\t\t\t\t<div class=\"elementor-container elementor-column-gap-default\">\n\t\t\t\t\t<div class=\"elementor-column elementor-col-100 elementor-top-column elementor-element elementor-element-a0fb861\" data-id=\"a0fb861\" data-element_type=\"column\" data-e-type=\"column\">\n\t\t\t<div class=\"elementor-widget-wrap elementor-element-populated\">\n\t\t\t\t\t\t<div class=\"elementor-element elementor-element-59bbabe elementor-widget elementor-widget-heading\" data-id=\"59bbabe\" data-element_type=\"widget\" data-e-type=\"widget\" data-widget_type=\"heading.default\">\n\t\t\t\t<div class=\"elementor-widget-container\">\n\t\t\t\t\t<span class=\"elementor-heading-title elementor-size-default\">Masz pytania lub wi\u0119cej informacji? Skontaktuj si\u0119 ze mn\u0105! <\/span>\t\t\t\t<\/div>\n\t\t\t\t<\/div>\n\t\t\t\t<div class=\"elementor-element elementor-element-2b7aafe elementor-icon-list--layout-inline elementor-align-center elementor-list-item-link-full_width elementor-widget elementor-widget-icon-list\" data-id=\"2b7aafe\" data-element_type=\"widget\" data-e-type=\"widget\" data-widget_type=\"icon-list.default\">\n\t\t\t\t<div class=\"elementor-widget-container\">\n\t\t\t\t\t\t\t<ul class=\"elementor-icon-list-items elementor-inline-items\">\n\t\t\t\t\t\t\t<li class=\"elementor-icon-list-item elementor-inline-item\">\n\t\t\t\t\t\t\t\t\t\t\t<a href=\"tel:+31638602534\">\n\n\t\t\t\t\t\t\t\t\t\t\t\t<span class=\"elementor-icon-list-icon\">\n\t\t\t\t\t\t\t<i aria-hidden=\"true\" class=\"fas fa-phone-alt\"><\/i>\t\t\t\t\t\t<\/span>\n\t\t\t\t\t\t\t\t\t\t<span class=\"elementor-icon-list-text\">06 38 60 25 34<\/span>\n\t\t\t\t\t\t\t\t\t\t\t<\/a>\n\t\t\t\t\t\t\t\t\t<\/li>\n\t\t\t\t\t\t\t\t<li class=\"elementor-icon-list-item elementor-inline-item\">\n\t\t\t\t\t\t\t\t\t\t\t<a href=\"mailto:info@temidamediation.nl\">\n\n\t\t\t\t\t\t\t\t\t\t\t\t<span class=\"elementor-icon-list-icon\">\n\t\t\t\t\t\t\t<i aria-hidden=\"true\" class=\"fas fa-envelope\"><\/i>\t\t\t\t\t\t<\/span>\n\t\t\t\t\t\t\t\t\t\t<span class=\"elementor-icon-list-text\">info@temidamediation.nl<\/span>\n\t\t\t\t\t\t\t\t\t\t\t<\/a>\n\t\t\t\t\t\t\t\t\t<\/li>\n\t\t\t\t\t\t<\/ul>\n\t\t\t\t\t\t<\/div>\n\t\t\t\t<\/div>\n\t\t\t\t\t<\/div>\n\t\t<\/div>\n\t\t\t\t\t<\/div>\n\t\t<\/section>\n\t\t\t\t<section class=\"elementor-section elementor-top-section elementor-element elementor-element-fbe9af9 elementor-section-boxed elementor-section-height-default elementor-section-height-default\" data-id=\"fbe9af9\" data-element_type=\"section\" data-e-type=\"section\">\n\t\t\t\t\t\t<div class=\"elementor-container elementor-column-gap-default\">\n\t\t\t\t\t<div class=\"elementor-column elementor-col-100 elementor-top-column elementor-element elementor-element-bfe716c\" data-id=\"bfe716c\" data-element_type=\"column\" data-e-type=\"column\">\n\t\t\t<div class=\"elementor-widget-wrap elementor-element-populated\">\n\t\t\t\t\t\t<section class=\"elementor-section elementor-inner-section elementor-element elementor-element-d3de6d2 elementor-section-content-middle elementor-section-boxed elementor-section-height-default elementor-section-height-default\" data-id=\"d3de6d2\" data-element_type=\"section\" data-e-type=\"section\">\n\t\t\t\t\t\t<div class=\"elementor-container elementor-column-gap-default\">\n\t\t\t\t\t<div class=\"elementor-column elementor-col-50 elementor-inner-column elementor-element elementor-element-5384047\" data-id=\"5384047\" data-element_type=\"column\" data-e-type=\"column\">\n\t\t\t<div class=\"elementor-widget-wrap elementor-element-populated\">\n\t\t\t\t\t\t<div class=\"elementor-element elementor-element-8acf863 elementor-widget elementor-widget-heading\" data-id=\"8acf863\" data-element_type=\"widget\" data-e-type=\"widget\" data-widget_type=\"heading.default\">\n\t\t\t\t<div class=\"elementor-widget-container\">\n\t\t\t\t\t<h2 class=\"elementor-heading-title elementor-size-default\">Dlaczego warto wybra\u0107 mediacj\u0119?<\/h2>\t\t\t\t<\/div>\n\t\t\t\t<\/div>\n\t\t\t\t<div class=\"elementor-element elementor-element-fad0d09 elementor-widget elementor-widget-text-editor\" data-id=\"fad0d09\" data-element_type=\"widget\" data-e-type=\"widget\" data-widget_type=\"text-editor.default\">\n\t\t\t\t<div class=\"elementor-widget-container\">\n\t\t\t\t\t\t\t\t\t<p>W mediacji nacisk k\u0142adzie si\u0119 na wsp\u00f3lne rozwi\u0105zanie konfliktu. Strony nie s\u0105 diametralnie przeciwne, ale pracujemy nad zjednoczeniem ludzi bior\u0105cych udzia\u0142 w konflikcie. Wsp\u00f3lnie pracujemy nad rozwi\u0105zaniem, kt\u00f3re jest do przyj\u0119cia dla obu stron.<\/p><p>. Pomagamy r\u00f3wnie\u017c od strony prawnej konfliktu, bez konieczno\u015bci trafiania do s\u0105du. Zapewnia to nie tylko wsp\u00f3lne rozwi\u0105zanie problemu, ale tak\u017ce obni\u017ca koszty. Prawnik i proces s\u0105dowy s\u0105 wielokrotnie dro\u017csze ni\u017c zatrudnienie mediatora.<\/p><p>Ponadto mediator mo\u017ce zaj\u0105\u0107 si\u0119 emocjonaln\u0105 stron\u0105 sprawy. Obie strony s\u0105 s\u0142yszalne i jest czas, aby wys\u0142ucha\u0107 siebie nawzajem. Je\u015bli emocje s\u0105 wysokie, mediator jest po to, aby pokierowa\u0107 rozmow\u0105 we w\u0142a\u015bciwym kierunku.<\/p>\t\t\t\t\t\t\t\t<\/div>\n\t\t\t\t<\/div>\n\t\t\t\t\t<\/div>\n\t\t<\/div>\n\t\t\t\t<div class=\"elementor-column elementor-col-50 elementor-inner-column elementor-element elementor-element-59a3f9c\" data-id=\"59a3f9c\" data-element_type=\"column\" data-e-type=\"column\">\n\t\t\t<div class=\"elementor-widget-wrap elementor-element-populated\">\n\t\t\t\t\t\t<div class=\"elementor-element elementor-element-eb1dd58 elementor-widget elementor-widget-video\" data-id=\"eb1dd58\" data-element_type=\"widget\" data-e-type=\"widget\" data-settings=\"{&quot;youtube_url&quot;:&quot;https:\\\/\\\/www.youtube.com\\\/watch?v=SWvRXs7PD4Q&quot;,&quot;start&quot;:0,&quot;yt_privacy&quot;:&quot;yes&quot;,&quot;video_type&quot;:&quot;youtube&quot;,&quot;controls&quot;:&quot;yes&quot;}\" data-widget_type=\"video.default\">\n\t\t\t\t<div class=\"elementor-widget-container\">\n\t\t\t\t\t\t\t<div class=\"elementor-wrapper elementor-open-inline\">\n\t\t\t<div class=\"elementor-video\"><\/div>\t\t<\/div>\n\t\t\t\t\t\t<\/div>\n\t\t\t\t<\/div>\n\t\t\t\t\t<\/div>\n\t\t<\/div>\n\t\t\t\t\t<\/div>\n\t\t<\/section>\n\t\t\t\t<div class=\"elementor-element elementor-element-a4514c4 elementor-widget elementor-widget-heading\" data-id=\"a4514c4\" data-element_type=\"widget\" data-e-type=\"widget\" data-widget_type=\"heading.default\">\n\t\t\t\t<div class=\"elementor-widget-container\">\n\t\t\t\t\t<h2 class=\"elementor-heading-title elementor-size-default\">Mediacja w regionie Brabancji P\u00f3\u0142nocnej, Rotterdamu i Hagi<\/h2>\t\t\t\t<\/div>\n\t\t\t\t<\/div>\n\t\t\t\t<div class=\"elementor-element elementor-element-1f118bd elementor-widget elementor-widget-text-editor\" data-id=\"1f118bd\" data-element_type=\"widget\" data-e-type=\"widget\" data-widget_type=\"text-editor.default\">\n\t\t\t\t<div class=\"elementor-widget-container\">\n\t\t\t\t\t\t\t\t\t<p>Siedziba Mediacja Temida znajduje si\u0119 w Maassluis, ale dzia\u0142a r\u00f3wnie\u017c na terenie Rotterdamu i Hagi. Na \u017cyczenie mo\u017cemy przyjecha\u0107 do Twojego biura w przypadku sporu pracowniczego lub do Twojego domu w przypadku rozwodu.<\/p><p>Wola\u0142by\u015b spotka\u0107 si\u0119 na neutralnym terenie? W takim razie zapraszamy do naszego biura w Maassluis lub do innej odpowiedniej sali konferencyjnej w pobli\u017cu.<\/p>\t\t\t\t\t\t\t\t<\/div>\n\t\t\t\t<\/div>\n\t\t\t\t\t<\/div>\n\t\t<\/div>\n\t\t\t\t\t<\/div>\n\t\t<\/section>\n\t\t\t\t<\/div>","protected":false},"excerpt":{"rendered":"<p>Temida Mediation \u2013 Bij echtscheidingen, familie- en arbeidsconflicten Wanneer u verstrikt raakt in een arbeidsconflict, een uit de hand gelopen familieruzie of een echtscheiding, is het fijn als er een neutrale partij mee kan denken over een oplossing. Natuurlijk kunt u juridische hulp inschakelen, maar dit is erg kostbaar en de beide partijen komen recht [&hellip;]<\/p>\n","protected":false},"author":1,"featured_media":0,"parent":0,"menu_order":0,"comment_status":"closed","ping_status":"closed","template":"","meta":{"footnotes":""},"class_list":["post-2","page","type-page","status-publish","hentry"],"yoast_head":"<!-- This site is optimized with the Yoast SEO plugin v27.4 - https:\/\/yoast.com\/product\/yoast-seo-wordpress\/ -->\n<title>Temida Mediation - Temida Mediation<\/title>\n<meta name=\"description\" content=\"Temida Mediation is de onpartijdige gesprekspartner en bemiddelaar bij arbeidsconflichten, echtscheidingen en hoog opgelopen familieruzies.\" \/>\n<meta name=\"robots\" content=\"index, follow, max-snippet:-1, max-image-preview:large, max-video-preview:-1\" \/>\n<link rel=\"canonical\" href=\"https:\/\/temidamediation.nl\/pl\/\" \/>\n<meta property=\"og:locale\" content=\"pl_PL\" \/>\n<meta property=\"og:type\" content=\"article\" \/>\n<meta property=\"og:title\" content=\"Temida Mediation - Temida Mediation\" \/>\n<meta property=\"og:description\" content=\"Temida Mediation is de onpartijdige gesprekspartner en bemiddelaar bij arbeidsconflichten, echtscheidingen en hoog opgelopen familieruzies.\" \/>\n<meta property=\"og:url\" content=\"https:\/\/temidamediation.nl\/pl\/\" \/>\n<meta property=\"og:site_name\" content=\"Temida Mediation\" \/>\n<meta property=\"article:modified_time\" content=\"2025-08-18T09:29:18+00:00\" \/>\n<meta property=\"og:image\" content=\"https:\/\/temidamediation.nl\/wp-content\/uploads\/2025\/08\/Foto-1-voorpagina-scaled.jpg\" \/>\n\t<meta property=\"og:image:width\" content=\"1707\" \/>\n\t<meta property=\"og:image:height\" content=\"2560\" \/>\n\t<meta property=\"og:image:type\" content=\"image\/jpeg\" \/>\n<meta name=\"twitter:card\" content=\"summary_large_image\" \/>\n<meta name=\"twitter:label1\" content=\"Szacowany czas czytania\" \/>\n\t<meta name=\"twitter:data1\" content=\"3 minuty\" \/>\n<script type=\"application\/ld+json\" class=\"yoast-schema-graph\">{\"@context\":\"https:\\\/\\\/schema.org\",\"@graph\":[{\"@type\":\"WebPage\",\"@id\":\"https:\\\/\\\/temidamediation.nl\\\/\",\"url\":\"https:\\\/\\\/temidamediation.nl\\\/\",\"name\":\"Temida Mediation - Temida Mediation\",\"isPartOf\":{\"@id\":\"https:\\\/\\\/temidamediation.nl\\\/#website\"},\"primaryImageOfPage\":{\"@id\":\"https:\\\/\\\/temidamediation.nl\\\/#primaryimage\"},\"image\":{\"@id\":\"https:\\\/\\\/temidamediation.nl\\\/#primaryimage\"},\"thumbnailUrl\":\"https:\\\/\\\/temidamediation.nl\\\/wp-content\\\/uploads\\\/2025\\\/08\\\/Foto-1-voorpagina-683x1024.jpg\",\"datePublished\":\"2022-04-12T11:29:02+00:00\",\"dateModified\":\"2025-08-18T09:29:18+00:00\",\"description\":\"Temida Mediation is de onpartijdige gesprekspartner en bemiddelaar bij arbeidsconflichten, echtscheidingen en hoog opgelopen familieruzies.\",\"breadcrumb\":{\"@id\":\"https:\\\/\\\/temidamediation.nl\\\/#breadcrumb\"},\"inLanguage\":\"pl-PL\",\"potentialAction\":[{\"@type\":\"ReadAction\",\"target\":[\"https:\\\/\\\/temidamediation.nl\\\/\"]}]},{\"@type\":\"ImageObject\",\"inLanguage\":\"pl-PL\",\"@id\":\"https:\\\/\\\/temidamediation.nl\\\/#primaryimage\",\"url\":\"https:\\\/\\\/temidamediation.nl\\\/wp-content\\\/uploads\\\/2025\\\/08\\\/Foto-1-voorpagina-683x1024.jpg\",\"contentUrl\":\"https:\\\/\\\/temidamediation.nl\\\/wp-content\\\/uploads\\\/2025\\\/08\\\/Foto-1-voorpagina-683x1024.jpg\"},{\"@type\":\"BreadcrumbList\",\"@id\":\"https:\\\/\\\/temidamediation.nl\\\/#breadcrumb\",\"itemListElement\":[{\"@type\":\"ListItem\",\"position\":1,\"name\":\"Home\",\"item\":\"https:\\\/\\\/temidamediation.nl\\\/\"},{\"@type\":\"ListItem\",\"position\":2,\"name\":\"Temida Mediation\"}]},{\"@type\":\"WebSite\",\"@id\":\"https:\\\/\\\/temidamediation.nl\\\/#website\",\"url\":\"https:\\\/\\\/temidamediation.nl\\\/\",\"name\":\"Temida Mediation\",\"description\":\"Temida Mediation\",\"publisher\":{\"@id\":\"https:\\\/\\\/temidamediation.nl\\\/#organization\"},\"potentialAction\":[{\"@type\":\"SearchAction\",\"target\":{\"@type\":\"EntryPoint\",\"urlTemplate\":\"https:\\\/\\\/temidamediation.nl\\\/?s={search_term_string}\"},\"query-input\":{\"@type\":\"PropertyValueSpecification\",\"valueRequired\":true,\"valueName\":\"search_term_string\"}}],\"inLanguage\":\"pl-PL\"},{\"@type\":\"Organization\",\"@id\":\"https:\\\/\\\/temidamediation.nl\\\/#organization\",\"name\":\"Temida Mediation\",\"url\":\"https:\\\/\\\/temidamediation.nl\\\/\",\"logo\":{\"@type\":\"ImageObject\",\"inLanguage\":\"pl-PL\",\"@id\":\"https:\\\/\\\/temidamediation.nl\\\/#\\\/schema\\\/logo\\\/image\\\/\",\"url\":\"https:\\\/\\\/temidamediation.nl\\\/wp-content\\\/uploads\\\/2022\\\/04\\\/Temida_Logo-hor-trans.png\",\"contentUrl\":\"https:\\\/\\\/temidamediation.nl\\\/wp-content\\\/uploads\\\/2022\\\/04\\\/Temida_Logo-hor-trans.png\",\"width\":512,\"height\":190,\"caption\":\"Temida Mediation\"},\"image\":{\"@id\":\"https:\\\/\\\/temidamediation.nl\\\/#\\\/schema\\\/logo\\\/image\\\/\"}}]}<\/script>\n<!-- \/ Yoast SEO plugin. -->","yoast_head_json":{"title":"Temida Mediation - Temida Mediation","description":"Temida Mediation is de onpartijdige gesprekspartner en bemiddelaar bij arbeidsconflichten, echtscheidingen en hoog opgelopen familieruzies.","robots":{"index":"index","follow":"follow","max-snippet":"max-snippet:-1","max-image-preview":"max-image-preview:large","max-video-preview":"max-video-preview:-1"},"canonical":"https:\/\/temidamediation.nl\/pl\/","og_locale":"pl_PL","og_type":"article","og_title":"Temida Mediation - Temida Mediation","og_description":"Temida Mediation is de onpartijdige gesprekspartner en bemiddelaar bij arbeidsconflichten, echtscheidingen en hoog opgelopen familieruzies.","og_url":"https:\/\/temidamediation.nl\/pl\/","og_site_name":"Temida Mediation","article_modified_time":"2025-08-18T09:29:18+00:00","og_image":[{"width":1707,"height":2560,"url":"https:\/\/temidamediation.nl\/wp-content\/uploads\/2025\/08\/Foto-1-voorpagina-scaled.jpg","type":"image\/jpeg"}],"twitter_card":"summary_large_image","twitter_misc":{"Szacowany czas czytania":"3 minuty"},"schema":{"@context":"https:\/\/schema.org","@graph":[{"@type":"WebPage","@id":"https:\/\/temidamediation.nl\/","url":"https:\/\/temidamediation.nl\/","name":"Temida Mediation - Temida Mediation","isPartOf":{"@id":"https:\/\/temidamediation.nl\/#website"},"primaryImageOfPage":{"@id":"https:\/\/temidamediation.nl\/#primaryimage"},"image":{"@id":"https:\/\/temidamediation.nl\/#primaryimage"},"thumbnailUrl":"https:\/\/temidamediation.nl\/wp-content\/uploads\/2025\/08\/Foto-1-voorpagina-683x1024.jpg","datePublished":"2022-04-12T11:29:02+00:00","dateModified":"2025-08-18T09:29:18+00:00","description":"Temida Mediation is de onpartijdige gesprekspartner en bemiddelaar bij arbeidsconflichten, echtscheidingen en hoog opgelopen familieruzies.","breadcrumb":{"@id":"https:\/\/temidamediation.nl\/#breadcrumb"},"inLanguage":"pl-PL","potentialAction":[{"@type":"ReadAction","target":["https:\/\/temidamediation.nl\/"]}]},{"@type":"ImageObject","inLanguage":"pl-PL","@id":"https:\/\/temidamediation.nl\/#primaryimage","url":"https:\/\/temidamediation.nl\/wp-content\/uploads\/2025\/08\/Foto-1-voorpagina-683x1024.jpg","contentUrl":"https:\/\/temidamediation.nl\/wp-content\/uploads\/2025\/08\/Foto-1-voorpagina-683x1024.jpg"},{"@type":"BreadcrumbList","@id":"https:\/\/temidamediation.nl\/#breadcrumb","itemListElement":[{"@type":"ListItem","position":1,"name":"Home","item":"https:\/\/temidamediation.nl\/"},{"@type":"ListItem","position":2,"name":"Temida Mediation"}]},{"@type":"WebSite","@id":"https:\/\/temidamediation.nl\/#website","url":"https:\/\/temidamediation.nl\/","name":"Mediacja Temida","description":"Mediacja Temida","publisher":{"@id":"https:\/\/temidamediation.nl\/#organization"},"potentialAction":[{"@type":"SearchAction","target":{"@type":"EntryPoint","urlTemplate":"https:\/\/temidamediation.nl\/?s={search_term_string}"},"query-input":{"@type":"PropertyValueSpecification","valueRequired":true,"valueName":"search_term_string"}}],"inLanguage":"pl-PL"},{"@type":"Organization","@id":"https:\/\/temidamediation.nl\/#organization","name":"Mediacja Temida","url":"https:\/\/temidamediation.nl\/","logo":{"@type":"ImageObject","inLanguage":"pl-PL","@id":"https:\/\/temidamediation.nl\/#\/schema\/logo\/image\/","url":"https:\/\/temidamediation.nl\/wp-content\/uploads\/2022\/04\/Temida_Logo-hor-trans.png","contentUrl":"https:\/\/temidamediation.nl\/wp-content\/uploads\/2022\/04\/Temida_Logo-hor-trans.png","width":512,"height":190,"caption":"Temida Mediation"},"image":{"@id":"https:\/\/temidamediation.nl\/#\/schema\/logo\/image\/"}}]}},"_links":{"self":[{"href":"https:\/\/temidamediation.nl\/pl\/wp-json\/wp\/v2\/pages\/2","targetHints":{"allow":["GET"]}}],"collection":[{"href":"https:\/\/temidamediation.nl\/pl\/wp-json\/wp\/v2\/pages"}],"about":[{"href":"https:\/\/temidamediation.nl\/pl\/wp-json\/wp\/v2\/types\/page"}],"author":[{"embeddable":true,"href":"https:\/\/temidamediation.nl\/pl\/wp-json\/wp\/v2\/users\/1"}],"replies":[{"embeddable":true,"href":"https:\/\/temidamediation.nl\/pl\/wp-json\/wp\/v2\/comments?post=2"}],"version-history":[{"count":33,"href":"https:\/\/temidamediation.nl\/pl\/wp-json\/wp\/v2\/pages\/2\/revisions"}],"predecessor-version":[{"id":1062,"href":"https:\/\/temidamediation.nl\/pl\/wp-json\/wp\/v2\/pages\/2\/revisions\/1062"}],"wp:attachment":[{"href":"https:\/\/temidamediation.nl\/pl\/wp-json\/wp\/v2\/media?parent=2"}],"curies":[{"name":"wp","href":"https:\/\/api.w.org\/{rel}","templated":true}]}}